{"id":850,"date":"2025-02-27T09:24:44","date_gmt":"2025-02-27T08:24:44","guid":{"rendered":"https:\/\/vibesofnature.com\/?post_type=product&#038;p=850"},"modified":"2025-11-13T00:41:28","modified_gmt":"2025-11-12T23:41:28","slug":"torbica-staro-zlato","status":"publish","type":"product","link":"https:\/\/vibesofnature.com\/sl\/izdelek\/torbica-staro-zlato\/","title":{"rendered":"Torbica &#8220;STARO ZLATO&#8221;"},"content":{"rendered":"<div class=\"flex-shrink-0 flex flex-col relative items-end\">\n<div>\n<div class=\"pt-0\">\n<div class=\"gizmo-bot-avatar flex h-8 w-8 items-center justify-center overflow-hidden rounded-full\">Brez\u010dasna eleganca in vsakodnevna prakti\u010dnost!<\/div>\n<\/div>\n<\/div>\n<\/div>\n<div class=\"group\/conversation-turn relative flex w-full min-w-0 flex-col agent-turn\">\n<div class=\"flex-col gap-1 md:gap-3\">\n<div class=\"flex max-w-full flex-col flex-grow\">\n<div class=\"min-h-8 text-message flex w-full flex-col items-end gap-2 whitespace-normal break-words text-start [.text-message+&amp;]:mt-5\" dir=\"auto\" data-message-author-role=\"assistant\" data-message-id=\"053536ec-eba5-4363-8851-2ff6ce194d6d\" data-message-model-slug=\"gpt-4o\">\n<div class=\"flex w-full flex-col gap-1 empty:hidden first:pt-[3px]\">\n<p data-start=\"84\" data-end=\"361\">Ko moda sre\u010da funkcionalnost, nastane popoln dodatek \u2013 ro\u010dno kva\u010dkana torbica, ki bo hitro postala nepogre\u0161ljiv del va\u0161e garderobe.<\/p>\n<p data-start=\"84\" data-end=\"361\">Ta \u010dudovita torbica v barvi starega zlata je prava pa\u0161a za o\u010di, saj njena prefinjena tekstura in unikatna izdelava iz\u017earevata stil in osebnost.<\/p>\n<p data-start=\"84\" data-end=\"361\"><strong data-start=\"366\" data-end=\"395\">Zakaj bo postala tvoja najbolj\u0161a prijateljica?<\/strong><\/p>\n<p data-start=\"84\" data-end=\"361\">Najprej, ker je <strong data-start=\"414\" data-end=\"426\">unikatna<\/strong> \u2013 vsaka torbica je ro\u010dno izdelana, kar pomeni, da v rokah dr\u017eite kos, ki ga ne bo imel nih\u010de drug.<\/p>\n<p data-start=\"84\" data-end=\"361\">Ne glede na to, ali se znajdete v hitrem tempu mestnega \u017eivljenja ali na spro\u0161\u010denem dru\u017eenju s prijatelji, vas bo ta torbica zvesto spremljala, ne da bi izgubila svojo obliko ali privla\u010dnost.<\/p>\n<p data-start=\"84\" data-end=\"361\">Ker je <strong>prakti\u010dna<\/strong>. Notranjost je podlo\u017eena s kakovostno potiskano tkanino, ki ni samo trpe\u017ena, ampak tudi doda pridih igrivosti in elegance. Vsaki\u010d, ko jo odprete, vas pri\u010daka \u010dudovit vzorec, ki vnese \u0161e ve\u010d osebnosti v ta \u017ee tako poseben kos. Poleg tega podloga zagotavlja, da bodo va\u0161e stvari varno shranjene, saj prepre\u010duje, da bi se drobnarije izgubile med mre\u017eastimi zankami kva\u010dkanja.<\/p>\n<p data-start=\"84\" data-end=\"361\">Torbica je <strong data-start=\"1264\" data-end=\"1289\">ravno prave velikosti<\/strong> \u2013 dovolj prostorna, da vanjo spravite denarnico, telefon, klju\u010de in \u0161e kak\u0161no malenkost, a hkrati dovolj kompaktna, da ni nikoli v napoto. Njena struktura omogo\u010da, da jo nosite tako ob spro\u0161\u010denih dnevnih opravkih kot ob elegantnej\u0161ih ve\u010dernih izhodih. Barva starega zlata se \u010dudovito poda k nevtralnim tonom, prav tako pa odli\u010dno dopolni bogatej\u0161e barve in vzorce.<\/p>\n<p data-start=\"1658\" data-end=\"2017\"><strong data-start=\"1661\" data-end=\"1682\">Ro\u010dno delo z du\u0161o in karakterjem!<\/strong><br data-start=\"1682\" data-end=\"1685\" \/>Ko nosite to torbico, ne nosite le dodatka \u2013 nosite zgodbo. Zgodbo o potrpe\u017eljivem prepletanju vsake zanke, o ljubezni do detajlov in o \u017eelji po ustvarjanju ne\u010desa posebnega.<\/p>\n<p data-start=\"2019\" data-end=\"2243\" data-is-last-node=\"\" data-is-only-node=\"\">\u010ce cenite kakovost, unikatnost in tisti ob\u010dutek zadovoljstva, ko imate nekaj res posebnega, potem bo ta torbica va\u0161a nova najljub\u0161a spremljevalka.<\/p>\n<p data-start=\"2019\" data-end=\"2243\" data-is-last-node=\"\" data-is-only-node=\"\">Pripravljena je, da z vami deli va\u0161a do\u017eivetja \u2013 ste vi pripravljeni nanjo?<\/p>\n<div class=\"markdown prose w-full break-words dark:prose-invert light\">\n<p>&nbsp;<\/p>\n<\/div>\n<\/div>\n<p><em><strong>Bodi unikatna, bodi druga\u010dna, bodi TI!<\/strong><\/em><\/p>\n<p>(Dejanska barva se lahko razlikuje od barve na fotografiji.)<\/p>\n<div class=\"flex w-full flex-col gap-1 empty:hidden first:pt-[3px]\">\n<div class=\"markdown prose w-full break-words dark:prose-invert light\">\n<p>&nbsp;<\/p>\n<\/div>\n<p>Dimenzije torbice: cca 35cm x 42 cm, ro\u010daji cca 17 cm<\/p>\n<p>Material: 100% poliesterska preja<\/p>\n<p>Podloga: 100 % potiskan bomba\u017e<\/p>\n<\/div>\n<\/div>\n<\/div>\n<\/div>\n<\/div>\n","protected":false},"excerpt":{"rendered":"<p>Brez\u010dasna eleganca in vsakodnevna prakti\u010dnost! Ko moda sre\u010da funkcionalnost, nastane popoln dodatek \u2013 ro\u010dno kva\u010dkana torbica, ki bo hitro postala nepogre\u0161ljiv del va\u0161e garderobe. Ta \u010dudovita torbica v barvi starega zlata je prava pa\u0161a za o\u010di, saj njena prefinjena tekstura in unikatna izdelava iz\u017earevata stil in osebnost. Zakaj bo postala tvoja najbolj\u0161a prijateljica? Najprej, ker&hellip;&nbsp;<a href=\"https:\/\/vibesofnature.com\/sl\/izdelek\/torbica-staro-zlato\/\" rel=\"bookmark\">Preberi ve\u010d &raquo;<span class=\"screen-reader-text\">Torbica &#8220;STARO ZLATO&#8221;<\/span><\/a><\/p>","protected":false},"featured_media":851,"template":"","meta":{"neve_meta_sidebar":"","neve_meta_container":"","neve_meta_enable_content_width":"off","neve_meta_content_width":100,"neve_meta_title_alignment":"","neve_meta_author_avatar":"","neve_post_elements_order":"","neve_meta_disable_header":"","neve_meta_disable_footer":"","neve_meta_disable_title":"","_themeisle_gutenberg_block_has_review":false},"product_brand":[],"product_cat":[40],"product_tag":[],"class_list":{"0":"post-850","1":"product","2":"type-product","3":"status-publish","4":"has-post-thumbnail","6":"product_cat-arhiv-izdelkov","7":"pa_arhivirano-ni-na-voljo-ta-izdelek-je-bil-del-prejsnje-kolekcije-in-trenutno-ni-na-voljo","9":"first","10":"onbackorder","11":"featured","12":"taxable","13":"shipping-taxable","14":"product-type-simple"},"_links":{"self":[{"href":"https:\/\/vibesofnature.com\/sl\/wp-json\/wp\/v2\/product\/850","targetHints":{"allow":["GET"]}}],"collection":[{"href":"https:\/\/vibesofnature.com\/sl\/wp-json\/wp\/v2\/product"}],"about":[{"href":"https:\/\/vibesofnature.com\/sl\/wp-json\/wp\/v2\/types\/product"}],"wp:featuredmedia":[{"embeddable":true,"href":"https:\/\/vibesofnature.com\/sl\/wp-json\/wp\/v2\/media\/851"}],"wp:attachment":[{"href":"https:\/\/vibesofnature.com\/sl\/wp-json\/wp\/v2\/media?parent=850"}],"wp:term":[{"taxonomy":"product_brand","embeddable":true,"href":"https:\/\/vibesofnature.com\/sl\/wp-json\/wp\/v2\/product_brand?post=850"},{"taxonomy":"product_cat","embeddable":true,"href":"https:\/\/vibesofnature.com\/sl\/wp-json\/wp\/v2\/product_cat?post=850"},{"taxonomy":"product_tag","embeddable":true,"href":"https:\/\/vibesofnature.com\/sl\/wp-json\/wp\/v2\/product_tag?post=850"}],"curies":[{"name":"wp","href":"https:\/\/api.w.org\/{rel}","templated":true}]}}