{"id":844,"date":"2024-12-16T14:41:12","date_gmt":"2024-12-16T13:41:12","guid":{"rendered":"https:\/\/vibesofnature.com\/?post_type=product&#038;p=844"},"modified":"2025-11-13T00:35:15","modified_gmt":"2025-11-12T23:35:15","slug":"torbica-beauty","status":"publish","type":"product","link":"https:\/\/vibesofnature.com\/sl\/izdelek\/torbica-beauty\/","title":{"rendered":"Torbica &#8220;BEAUTY&#8221;"},"content":{"rendered":"<p>To je MOJA kva\u010dkana torbica, ki sem jo poimenovala &#8220;BEAUTY&#8221;. Je moj majhen, a veli\u010dasten dose\u017eek.<\/p>\n<p>Nastajala je po\u010dasi, zanko za zanko, ki sem jih skrbno prepletala dolge ve\u010dere. Takrat, ko sem se ustavila, zadihala in se posvetila ustvarjanju.<\/p>\n<p>V njej so vtkani moji trenutki ti\u0161ine, moji premisleki, moja ljubezen &#8211; ljubezen do ne\u010desa, kar ustvarim s svojimi rokami.<\/p>\n<p>Ta torbica ni le predmet. Je moja zgodba. Je odsev moje ustvarjalnosti, mojega potrpljenja in moje \u017eelje po tem, da ustvarim nekaj unikatnega, nekaj kar odra\u017ea mene \u2013 mojo osebnost, moj okus in moj pogled na svet.<\/p>\n<p>Ko jo primem v roke, \u010dutim ponos. Ne zato, ker je popolna, temve\u010d zato, ker v sebi nosi vse tiste male nepopolnosti, ki jo naredijo popolno in \u010disto mojo \u2013NEPONOVLJIVO, POSEBNO.<\/p>\n<p>Nosila jo bom na svojih poteh, v njej bom skrivala drobne zaklade in majhne vsakdanje stvari, ki polnijo \u017eivljenje.<\/p>\n<p>Ta torbica je ve\u010d kot modni dodatek. Je moje delo, moj \u010das in moj mir, ujet v prepletene nitke.<\/p>\n<p>Je dokaz, da si lahko podarim nekaj, kar nosi vso mojo energijo, mojo toplino in mojo du\u0161o.<\/p>","protected":false},"excerpt":{"rendered":"<p>To je MOJA kva\u010dkana torbica, ki sem jo poimenovala &#8220;BEAUTY&#8221;. Je moj majhen, a veli\u010dasten dose\u017eek. Nastajala je po\u010dasi, zanko za zanko, ki sem jih skrbno prepletala dolge ve\u010dere. Takrat, ko sem se ustavila, zadihala in se posvetila ustvarjanju. V njej so vtkani moji trenutki ti\u0161ine, moji premisleki, moja ljubezen &#8211; ljubezen do ne\u010desa, kar&hellip;&nbsp;<a href=\"https:\/\/vibesofnature.com\/sl\/izdelek\/torbica-beauty\/\" rel=\"bookmark\">Preberi ve\u010d &raquo;<span class=\"screen-reader-text\">Torbica &#8220;BEAUTY&#8221;<\/span><\/a><\/p>","protected":false},"featured_media":845,"template":"","meta":{"neve_meta_sidebar":"","neve_meta_container":"","neve_meta_enable_content_width":"off","neve_meta_content_width":100,"neve_meta_title_alignment":"","neve_meta_author_avatar":"","neve_post_elements_order":"","neve_meta_disable_header":"","neve_meta_disable_footer":"","neve_meta_disable_title":"","_themeisle_gutenberg_block_has_review":false},"product_brand":[],"product_cat":[40],"product_tag":[],"class_list":{"0":"post-844","1":"product","2":"type-product","3":"status-publish","4":"has-post-thumbnail","6":"product_cat-arhiv-izdelkov","7":"pa_arhivirano-ni-na-voljo-ta-izdelek-je-bil-del-prejsnje-kolekcije-in-trenutno-ni-na-voljo","9":"first","10":"onbackorder","11":"taxable","12":"shipping-taxable","13":"product-type-simple"},"_links":{"self":[{"href":"https:\/\/vibesofnature.com\/sl\/wp-json\/wp\/v2\/product\/844","targetHints":{"allow":["GET"]}}],"collection":[{"href":"https:\/\/vibesofnature.com\/sl\/wp-json\/wp\/v2\/product"}],"about":[{"href":"https:\/\/vibesofnature.com\/sl\/wp-json\/wp\/v2\/types\/product"}],"wp:featuredmedia":[{"embeddable":true,"href":"https:\/\/vibesofnature.com\/sl\/wp-json\/wp\/v2\/media\/845"}],"wp:attachment":[{"href":"https:\/\/vibesofnature.com\/sl\/wp-json\/wp\/v2\/media?parent=844"}],"wp:term":[{"taxonomy":"product_brand","embeddable":true,"href":"https:\/\/vibesofnature.com\/sl\/wp-json\/wp\/v2\/product_brand?post=844"},{"taxonomy":"product_cat","embeddable":true,"href":"https:\/\/vibesofnature.com\/sl\/wp-json\/wp\/v2\/product_cat?post=844"},{"taxonomy":"product_tag","embeddable":true,"href":"https:\/\/vibesofnature.com\/sl\/wp-json\/wp\/v2\/product_tag?post=844"}],"curies":[{"name":"wp","href":"https:\/\/api.w.org\/{rel}","templated":true}]}}