{"id":830,"date":"2024-09-12T10:19:54","date_gmt":"2024-09-12T09:19:54","guid":{"rendered":"https:\/\/vibesofnature.com\/?post_type=product&#038;p=830"},"modified":"2025-11-13T00:35:23","modified_gmt":"2025-11-12T23:35:23","slug":"soncnica","status":"publish","type":"product","link":"https:\/\/vibesofnature.com\/sl\/izdelek\/soncnica\/","title":{"rendered":"&#8220;SON\u010cNICA&#8221;"},"content":{"rendered":"<p>Vsaka torbica, ki jo ustvarim, nosi del mene, a ta je nekaj res posebnega \u2013 <strong>moja sanjska torbica<\/strong>, ustvarjena to\u010dno tako, kot sem si jo zamislila.<\/p>\n<p>Za\u010dela sem z osnovo \u2013 skrbno izbrano usnjeno dno, ki torbici daje \u010dvrstost in eleganco. Nato sem s kva\u010dko in prejo ustvarila mehko, a trpe\u017eno obliko, ki jo lepo zaokro\u017eajo leseni ro\u010daji s pridihom naravnosti in topline. \u017delela sem nekaj, kar bo brez\u010dasno in hkrati unikatno, nekaj, kar bo izra\u017ealo moj slog.<\/p>\n<p>Toda resni\u010dna pika na i je bila podloga, ki sem jo izbrala z najve\u010djo skrbnostjo. Na njej so <strong>son\u010dnice<\/strong> \u2013 moje najljub\u0161e ro\u017ee, ki s svojim veseljem in svetlobo preprosto po\u017eivijo celoten izdelek. Ta kombinacija je torbico naredila <strong>popolno<\/strong> zame \u2013 izdelek, ki je ne le prakti\u010den, ampak tudi \u010dudovito odra\u017ea mojo osebnost in stil.<\/p>\n<p>Ko dr\u017eim to torbico v rokah, vem, da ni samo modni dodatek, ampak tudi rezultat moje ljubezni do ustvarjanja. Popolna je v vsakem detajlu in to\u010dno tak\u0161na, kot sem si jo zamislila.<\/p>\n<p>&nbsp;<\/p>\n<p>Bodi unikatna, bodi druga\u010dna, bodi TI!<\/p>\n<p>(Dejanska barva se lahko razlikuje od barve na fotografiji.)<\/p>\n<p>&nbsp;<\/p>","protected":false},"excerpt":{"rendered":"<p>Vsaka torbica, ki jo ustvarim, nosi del mene, a ta je nekaj res posebnega \u2013 moja sanjska torbica, ustvarjena to\u010dno tako, kot sem si jo zamislila. Za\u010dela sem z osnovo \u2013 skrbno izbrano usnjeno dno, ki torbici daje \u010dvrstost in eleganco. Nato sem s kva\u010dko in prejo ustvarila mehko, a trpe\u017eno obliko, ki jo lepo&hellip;&nbsp;<a href=\"https:\/\/vibesofnature.com\/sl\/izdelek\/soncnica\/\" rel=\"bookmark\">Preberi ve\u010d &raquo;<span class=\"screen-reader-text\">&#8220;SON\u010cNICA&#8221;<\/span><\/a><\/p>","protected":false},"featured_media":825,"template":"","meta":{"neve_meta_sidebar":"","neve_meta_container":"","neve_meta_enable_content_width":"off","neve_meta_content_width":70,"neve_meta_title_alignment":"","neve_meta_author_avatar":"","neve_post_elements_order":"","neve_meta_disable_header":"","neve_meta_disable_footer":"","neve_meta_disable_title":"","_themeisle_gutenberg_block_has_review":false},"product_brand":[],"product_cat":[40],"product_tag":[],"class_list":{"0":"post-830","1":"product","2":"type-product","3":"status-publish","4":"has-post-thumbnail","6":"product_cat-arhiv-izdelkov","7":"pa_arhivirano-ni-na-voljo-ta-izdelek-je-bil-del-prejsnje-kolekcije-in-trenutno-ni-na-voljo","9":"first","10":"onbackorder","11":"virtual","12":"taxable","13":"product-type-simple"},"_links":{"self":[{"href":"https:\/\/vibesofnature.com\/sl\/wp-json\/wp\/v2\/product\/830","targetHints":{"allow":["GET"]}}],"collection":[{"href":"https:\/\/vibesofnature.com\/sl\/wp-json\/wp\/v2\/product"}],"about":[{"href":"https:\/\/vibesofnature.com\/sl\/wp-json\/wp\/v2\/types\/product"}],"wp:featuredmedia":[{"embeddable":true,"href":"https:\/\/vibesofnature.com\/sl\/wp-json\/wp\/v2\/media\/825"}],"wp:attachment":[{"href":"https:\/\/vibesofnature.com\/sl\/wp-json\/wp\/v2\/media?parent=830"}],"wp:term":[{"taxonomy":"product_brand","embeddable":true,"href":"https:\/\/vibesofnature.com\/sl\/wp-json\/wp\/v2\/product_brand?post=830"},{"taxonomy":"product_cat","embeddable":true,"href":"https:\/\/vibesofnature.com\/sl\/wp-json\/wp\/v2\/product_cat?post=830"},{"taxonomy":"product_tag","embeddable":true,"href":"https:\/\/vibesofnature.com\/sl\/wp-json\/wp\/v2\/product_tag?post=830"}],"curies":[{"name":"wp","href":"https:\/\/api.w.org\/{rel}","templated":true}]}}