{"id":801,"date":"2024-07-30T17:45:25","date_gmt":"2024-07-30T16:45:25","guid":{"rendered":"https:\/\/vibesofnature.cankar.si\/?post_type=product&#038;p=801"},"modified":"2025-11-13T00:35:28","modified_gmt":"2025-11-12T23:35:28","slug":"torbica-green","status":"publish","type":"product","link":"https:\/\/vibesofnature.com\/sl\/izdelek\/torbica-green\/","title":{"rendered":"Torbica &#8220;GREEN&#8221;"},"content":{"rendered":"<p>DIH JEMAJO\u010cA, NEPONOVLJIVA, BO\u017dANSKA, UNIKATNA in moja PRVA tak\u0161na kva\u010dkana torbica!<\/p>\n<p>Z najve\u010djim ponosom Vam jo predstavim in poka\u017eem. \u010cisto prva v seriji torbic, prototip in moj navdih.<\/p>\n<p>&nbsp;<\/p>\n<p>Bodi unikatna, bodi druga\u010dna, bodi TI!<\/p>\n<p>(Dejanska barva se lahko razlikuje od barve na fotografiji.)<\/p>\n<p>&nbsp;<\/p>\n<p>Usnjeno dno: dimenzije 26 x 10cm<\/p>\n<p>Leseni ro\u010daji: premer 14,00 cm<\/p>\n<p>Preja: 100 % poliester<\/p>\n<p>Podloga: pisana bomba\u017ena podloga z v\u0161itim \u017eepkom<\/p>\n<p>Dimezija torbice: cca 26 x 24 cm<\/p>\n<p>&nbsp;<\/p>","protected":false},"excerpt":{"rendered":"<p>DIH JEMAJO\u010cA, NEPONOVLJIVA, BO\u017dANSKA, UNIKATNA in moja PRVA tak\u0161na kva\u010dkana torbica! Z najve\u010djim ponosom Vam jo predstavim in poka\u017eem. \u010cisto prva v seriji torbic, prototip in moj navdih. &nbsp; Bodi unikatna, bodi druga\u010dna, bodi TI! (Dejanska barva se lahko razlikuje od barve na fotografiji.) &nbsp; Usnjeno dno: dimenzije 26 x 10cm Leseni ro\u010daji: premer 14,00&hellip;&nbsp;<a href=\"https:\/\/vibesofnature.com\/sl\/izdelek\/torbica-green\/\" rel=\"bookmark\">Preberi ve\u010d &raquo;<span class=\"screen-reader-text\">Torbica &#8220;GREEN&#8221;<\/span><\/a><\/p>","protected":false},"featured_media":790,"template":"","meta":{"neve_meta_sidebar":"","neve_meta_container":"","neve_meta_enable_content_width":"off","neve_meta_content_width":70,"neve_meta_title_alignment":"","neve_meta_author_avatar":"","neve_post_elements_order":"","neve_meta_disable_header":"","neve_meta_disable_footer":"","neve_meta_disable_title":"","_themeisle_gutenberg_block_has_review":false},"product_brand":[],"product_cat":[40],"product_tag":[],"class_list":{"0":"post-801","1":"product","2":"type-product","3":"status-publish","4":"has-post-thumbnail","6":"product_cat-arhiv-izdelkov","7":"pa_arhivirano-ni-na-voljo-ta-izdelek-je-bil-del-prejsnje-kolekcije-in-trenutno-ni-na-voljo","9":"first","10":"onbackorder","11":"taxable","12":"shipping-taxable","13":"product-type-simple"},"_links":{"self":[{"href":"https:\/\/vibesofnature.com\/sl\/wp-json\/wp\/v2\/product\/801","targetHints":{"allow":["GET"]}}],"collection":[{"href":"https:\/\/vibesofnature.com\/sl\/wp-json\/wp\/v2\/product"}],"about":[{"href":"https:\/\/vibesofnature.com\/sl\/wp-json\/wp\/v2\/types\/product"}],"wp:featuredmedia":[{"embeddable":true,"href":"https:\/\/vibesofnature.com\/sl\/wp-json\/wp\/v2\/media\/790"}],"wp:attachment":[{"href":"https:\/\/vibesofnature.com\/sl\/wp-json\/wp\/v2\/media?parent=801"}],"wp:term":[{"taxonomy":"product_brand","embeddable":true,"href":"https:\/\/vibesofnature.com\/sl\/wp-json\/wp\/v2\/product_brand?post=801"},{"taxonomy":"product_cat","embeddable":true,"href":"https:\/\/vibesofnature.com\/sl\/wp-json\/wp\/v2\/product_cat?post=801"},{"taxonomy":"product_tag","embeddable":true,"href":"https:\/\/vibesofnature.com\/sl\/wp-json\/wp\/v2\/product_tag?post=801"}],"curies":[{"name":"wp","href":"https:\/\/api.w.org\/{rel}","templated":true}]}}