{"id":499,"date":"2025-11-01T14:02:45","date_gmt":"2025-11-01T13:02:45","guid":{"rendered":"https:\/\/vibesofnature.cankar.si\/?post_type=product&#038;p=499"},"modified":"2025-11-17T08:10:28","modified_gmt":"2025-11-17T07:10:28","slug":"torbica-rozica","status":"publish","type":"product","link":"https:\/\/vibesofnature.com\/sl\/izdelek\/torbica-rozica\/","title":{"rendered":"Torbica &#8220;RO\u017dICA&#8221;"},"content":{"rendered":"<p>Pravijo, da je \u017eivljenje prekratko, da bi nosili dolgo\u010dasno torbo \ud83d\ude42<\/p>\n<p>Ta ro\u017eica to zagotovo ni!<\/p>\n<p>V svoji klasi\u010dni \u010drni eleganci, kva\u010dkana v efektu 3D ro\u017eice je vse prej kot dolgo\u010dasna! Njena ne\u017ena eleganca te i\u0161\u010de, da jo poka\u017ee\u0161 svetu.<\/p>\n<p>&nbsp;<\/p>\n<p>Bodi unikatna, bodi druga\u010dna, bodi TI!<\/p>\n<p>(Dejanska barva se lahko razlikuje od barve na fotografiji.)<\/p>\n<p>&nbsp;<\/p>\n<p>&nbsp;<\/p>\n<p>Kovinski ro\u010daji: premer 11,00 cm<\/p>\n<p>Preja: 100 % bomba\u017e<\/p>\n<p>Podloga: \u010drna podloga z v\u0161itim \u017eepkom<\/p>\n<p>Zapiralo: kovinski magnet v temno sivi barvi<\/p>\n<p>Dimezija torbice: premer cca 25 cm<\/p>\n<p>&nbsp;<\/p>\n<p>&nbsp;<\/p>","protected":false},"excerpt":{"rendered":"<p>Pravijo, da je \u017eivljenje prekratko, da bi nosili dolgo\u010dasno torbo \ud83d\ude42 Ta ro\u017eica to zagotovo ni! V svoji klasi\u010dni \u010drni eleganci, kva\u010dkana v efektu 3D ro\u017eice je vse prej kot dolgo\u010dasna! Njena ne\u017ena eleganca te i\u0161\u010de, da jo poka\u017ee\u0161 svetu. &nbsp; Bodi unikatna, bodi druga\u010dna, bodi TI! (Dejanska barva se lahko razlikuje od barve na&hellip;&nbsp;<a href=\"https:\/\/vibesofnature.com\/sl\/izdelek\/torbica-rozica\/\" rel=\"bookmark\">Preberi ve\u010d &raquo;<span class=\"screen-reader-text\">Torbica &#8220;RO\u017dICA&#8221;<\/span><\/a><\/p>","protected":false},"featured_media":500,"template":"","meta":{"neve_meta_sidebar":"","neve_meta_container":"","neve_meta_enable_content_width":"off","neve_meta_content_width":70,"neve_meta_title_alignment":"","neve_meta_author_avatar":"","neve_post_elements_order":"","neve_meta_disable_header":"","neve_meta_disable_footer":"","neve_meta_disable_title":"","_themeisle_gutenberg_block_has_review":false},"product_brand":[],"product_cat":[19],"product_tag":[],"class_list":{"0":"post-499","1":"product","2":"type-product","3":"status-publish","4":"has-post-thumbnail","6":"product_cat-torbice","8":"first","9":"onbackorder","10":"featured","11":"taxable","12":"shipping-taxable","13":"product-type-simple"},"_links":{"self":[{"href":"https:\/\/vibesofnature.com\/sl\/wp-json\/wp\/v2\/product\/499","targetHints":{"allow":["GET"]}}],"collection":[{"href":"https:\/\/vibesofnature.com\/sl\/wp-json\/wp\/v2\/product"}],"about":[{"href":"https:\/\/vibesofnature.com\/sl\/wp-json\/wp\/v2\/types\/product"}],"wp:featuredmedia":[{"embeddable":true,"href":"https:\/\/vibesofnature.com\/sl\/wp-json\/wp\/v2\/media\/500"}],"wp:attachment":[{"href":"https:\/\/vibesofnature.com\/sl\/wp-json\/wp\/v2\/media?parent=499"}],"wp:term":[{"taxonomy":"product_brand","embeddable":true,"href":"https:\/\/vibesofnature.com\/sl\/wp-json\/wp\/v2\/product_brand?post=499"},{"taxonomy":"product_cat","embeddable":true,"href":"https:\/\/vibesofnature.com\/sl\/wp-json\/wp\/v2\/product_cat?post=499"},{"taxonomy":"product_tag","embeddable":true,"href":"https:\/\/vibesofnature.com\/sl\/wp-json\/wp\/v2\/product_tag?post=499"}],"curies":[{"name":"wp","href":"https:\/\/api.w.org\/{rel}","templated":true}]}}