{"id":493,"date":"2024-07-24T13:58:46","date_gmt":"2024-07-24T12:58:46","guid":{"rendered":"https:\/\/vibesofnature.cankar.si\/?post_type=product&#038;p=493"},"modified":"2025-11-13T00:30:08","modified_gmt":"2025-11-12T23:30:08","slug":"torbica-rjava-eleganca","status":"publish","type":"product","link":"https:\/\/vibesofnature.com\/sl\/izdelek\/torbica-rjava-eleganca\/","title":{"rendered":"Torbica &#8220;RJAVA ELEGANCA&#8221;"},"content":{"rendered":"<p>Vse kar potrebuje\u0161 je ljubezen in NOVA TORBICA!<\/p>\n<p>&nbsp;<\/p>\n<p>Ker si \u010dudovita in drzna&#8230;<\/p>\n<p>Ker si posebna, neponovljiva in enkratna kot je enkratna ta kva\u010dkana torbica.<\/p>\n<p>S svojo edinstveno obliko, eleganco in unikatnostjo te bo prepri\u010dala, da jo poka\u017ee\u0161 svetu!<\/p>\n<p>&nbsp;<\/p>\n<p>Bodi unikatna, bodi druga\u010dna, bodi TI!<\/p>\n<p>(Dejanska barva se lahko razlikuje od barve na fotografiji.)<\/p>\n<p>&nbsp;<\/p>\n<p>&nbsp;<\/p>\n<p>Preja: 100 % poliester<\/p>\n<p>Podloga: pisana podloga<\/p>\n<p>Zapiralo: kovinska magneta v zlati barvi<\/p>\n<p>Dimezija zaprte torbice: cca 29 x 15 cm<\/p>\n<p>Dimenzija odprte torbice: cca 29 x 27 cm<\/p>","protected":false},"excerpt":{"rendered":"<p>Vse kar potrebuje\u0161 je ljubezen in NOVA TORBICA! &nbsp; Ker si \u010dudovita in drzna&#8230; Ker si posebna, neponovljiva in enkratna kot je enkratna ta kva\u010dkana torbica. S svojo edinstveno obliko, eleganco in unikatnostjo te bo prepri\u010dala, da jo poka\u017ee\u0161 svetu! &nbsp; Bodi unikatna, bodi druga\u010dna, bodi TI! (Dejanska barva se lahko razlikuje od barve na&hellip;&nbsp;<a href=\"https:\/\/vibesofnature.com\/sl\/izdelek\/torbica-rjava-eleganca\/\" rel=\"bookmark\">Preberi ve\u010d &raquo;<span class=\"screen-reader-text\">Torbica &#8220;RJAVA ELEGANCA&#8221;<\/span><\/a><\/p>","protected":false},"featured_media":494,"template":"","meta":{"neve_meta_sidebar":"","neve_meta_container":"","neve_meta_enable_content_width":"off","neve_meta_content_width":70,"neve_meta_title_alignment":"","neve_meta_author_avatar":"","neve_post_elements_order":"","neve_meta_disable_header":"","neve_meta_disable_footer":"","neve_meta_disable_title":"","_themeisle_gutenberg_block_has_review":false},"product_brand":[],"product_cat":[40],"product_tag":[],"class_list":{"0":"post-493","1":"product","2":"type-product","3":"status-publish","4":"has-post-thumbnail","6":"product_cat-arhiv-izdelkov","7":"pa_arhivirano-ni-na-voljo-ta-izdelek-je-bil-del-prejsnje-kolekcije-in-trenutno-ni-na-voljo","9":"first","10":"onbackorder","11":"taxable","12":"shipping-taxable","13":"product-type-simple"},"_links":{"self":[{"href":"https:\/\/vibesofnature.com\/sl\/wp-json\/wp\/v2\/product\/493","targetHints":{"allow":["GET"]}}],"collection":[{"href":"https:\/\/vibesofnature.com\/sl\/wp-json\/wp\/v2\/product"}],"about":[{"href":"https:\/\/vibesofnature.com\/sl\/wp-json\/wp\/v2\/types\/product"}],"wp:featuredmedia":[{"embeddable":true,"href":"https:\/\/vibesofnature.com\/sl\/wp-json\/wp\/v2\/media\/494"}],"wp:attachment":[{"href":"https:\/\/vibesofnature.com\/sl\/wp-json\/wp\/v2\/media?parent=493"}],"wp:term":[{"taxonomy":"product_brand","embeddable":true,"href":"https:\/\/vibesofnature.com\/sl\/wp-json\/wp\/v2\/product_brand?post=493"},{"taxonomy":"product_cat","embeddable":true,"href":"https:\/\/vibesofnature.com\/sl\/wp-json\/wp\/v2\/product_cat?post=493"},{"taxonomy":"product_tag","embeddable":true,"href":"https:\/\/vibesofnature.com\/sl\/wp-json\/wp\/v2\/product_tag?post=493"}],"curies":[{"name":"wp","href":"https:\/\/api.w.org\/{rel}","templated":true}]}}