{"id":488,"date":"2024-07-24T13:54:12","date_gmt":"2024-07-24T12:54:12","guid":{"rendered":"https:\/\/vibesofnature.cankar.si\/?post_type=product&#038;p=488"},"modified":"2025-11-12T23:48:15","modified_gmt":"2025-11-12T22:48:15","slug":"torbica-petrolej","status":"publish","type":"product","link":"https:\/\/vibesofnature.com\/sl\/izdelek\/torbica-petrolej\/","title":{"rendered":"Torbica &#8220;PETROLEJ&#8221;"},"content":{"rendered":"<p>Za vsako POSEBNO \u017dENSKO stoji POSEBNA TORBICA! \ud83d\ude42<\/p>\n<p>&nbsp;<\/p>\n<p>V tej petrolej barvi je res posebna in unikatna.<\/p>\n<p>Ustvarjena ZATE, da te spremlja na vsakem koraku!<\/p>\n<p>&nbsp;<\/p>\n<p>Saj veste kaj pravijo&#8230; &#8220;Torbic ni nikoli preve\u010d!&#8221;<\/p>\n<p>&nbsp;<\/p>\n<p>Bodi unikatna, bodi druga\u010dna, bodi TI!<\/p>\n<p>(Dejanska barva se lahko razlikuje od barve na fotografiji.)<\/p>\n<p>&nbsp;<\/p>\n<p>&nbsp;<\/p>\n<p>Usnjeno dno: dimenzije cca 25 x 12,5 cm<\/p>\n<p>Kovinski ro\u010daji v zlati barvi: premer 13,5 cm<\/p>\n<p>Preja: 100 % poliester<\/p>\n<p>Podloga: pisana bomba\u017ena podloga z v\u0161itim \u017eepkom<\/p>\n<p>Zapiralo: kovinski magnet v zlati barvi<\/p>\n<p>Dimezija torbice: cca 32 x 25cm<\/p>\n<p>&nbsp;<\/p>","protected":false},"excerpt":{"rendered":"<p>Za vsako POSEBNO \u017dENSKO stoji POSEBNA TORBICA! \ud83d\ude42 &nbsp; V tej petrolej barvi je res posebna in unikatna. Ustvarjena ZATE, da te spremlja na vsakem koraku! &nbsp; Saj veste kaj pravijo&#8230; &#8220;Torbic ni nikoli preve\u010d!&#8221; &nbsp; Bodi unikatna, bodi druga\u010dna, bodi TI! (Dejanska barva se lahko razlikuje od barve na fotografiji.) &nbsp; &nbsp; Usnjeno dno:&hellip;&nbsp;<a href=\"https:\/\/vibesofnature.com\/sl\/izdelek\/torbica-petrolej\/\" rel=\"bookmark\">Preberi ve\u010d &raquo;<span class=\"screen-reader-text\">Torbica &#8220;PETROLEJ&#8221;<\/span><\/a><\/p>","protected":false},"featured_media":489,"template":"","meta":{"neve_meta_sidebar":"","neve_meta_container":"","neve_meta_enable_content_width":"off","neve_meta_content_width":70,"neve_meta_title_alignment":"","neve_meta_author_avatar":"","neve_post_elements_order":"","neve_meta_disable_header":"","neve_meta_disable_footer":"","neve_meta_disable_title":"","_themeisle_gutenberg_block_has_review":false},"product_brand":[],"product_cat":[40],"product_tag":[],"class_list":{"0":"post-488","1":"product","2":"type-product","3":"status-publish","4":"has-post-thumbnail","6":"product_cat-arhiv-izdelkov","7":"pa_arhivirano-ni-na-voljo-ta-izdelek-je-bil-del-prejsnje-kolekcije-in-trenutno-ni-na-voljo","9":"first","10":"onbackorder","11":"taxable","12":"shipping-taxable","13":"product-type-simple"},"_links":{"self":[{"href":"https:\/\/vibesofnature.com\/sl\/wp-json\/wp\/v2\/product\/488","targetHints":{"allow":["GET"]}}],"collection":[{"href":"https:\/\/vibesofnature.com\/sl\/wp-json\/wp\/v2\/product"}],"about":[{"href":"https:\/\/vibesofnature.com\/sl\/wp-json\/wp\/v2\/types\/product"}],"wp:featuredmedia":[{"embeddable":true,"href":"https:\/\/vibesofnature.com\/sl\/wp-json\/wp\/v2\/media\/489"}],"wp:attachment":[{"href":"https:\/\/vibesofnature.com\/sl\/wp-json\/wp\/v2\/media?parent=488"}],"wp:term":[{"taxonomy":"product_brand","embeddable":true,"href":"https:\/\/vibesofnature.com\/sl\/wp-json\/wp\/v2\/product_brand?post=488"},{"taxonomy":"product_cat","embeddable":true,"href":"https:\/\/vibesofnature.com\/sl\/wp-json\/wp\/v2\/product_cat?post=488"},{"taxonomy":"product_tag","embeddable":true,"href":"https:\/\/vibesofnature.com\/sl\/wp-json\/wp\/v2\/product_tag?post=488"}],"curies":[{"name":"wp","href":"https:\/\/api.w.org\/{rel}","templated":true}]}}