{"id":351,"date":"2019-03-06T13:11:39","date_gmt":"2019-03-06T13:11:39","guid":{"rendered":"https:\/\/demosites.io\/shop-gb\/?post_type=product&#038;p=67"},"modified":"2025-11-13T00:29:42","modified_gmt":"2025-11-12T23:29:42","slug":"oker-kvackana-torbica","status":"publish","type":"product","link":"https:\/\/vibesofnature.com\/sl\/izdelek\/oker-kvackana-torbica\/","title":{"rendered":"Oker kva\u010dkana torbica"},"content":{"rendered":"<p>Torbica, ki bo zagotovo postala nepogre\u0161ljiv del tvojega vsakdana. Ravno prav velika, v modni barvi, preprostega vzorca. Popolna v svoji veli\u010dini. Izdelana z ljubeznijo iz 100% bomba\u017ea.<\/p>\n<p>Bodi unikatna, bodi druga\u010dna, bodi TI!<\/p>\n<p>&nbsp;<\/p>\n<p>Velikost: torbica 41 x 28 cm, ro\u010daji 21cm<\/p>","protected":false},"excerpt":{"rendered":"<p>Torbica, ki bo zagotovo postala nepogre\u0161ljiv del tvojega vsakdana. Ravno prav velika, v modni barvi, preprostega vzorca. Popolna v svoji veli\u010dini. Izdelana z ljubeznijo iz 100% bomba\u017ea. Bodi unikatna, bodi druga\u010dna, bodi TI! &nbsp; Velikost: torbica 41 x 28 cm, ro\u010daji 21cm<\/p>","protected":false},"featured_media":424,"template":"","meta":{"neve_meta_sidebar":"","neve_meta_container":"","neve_meta_enable_content_width":"off","neve_meta_content_width":70,"neve_meta_title_alignment":"","neve_meta_author_avatar":"","neve_post_elements_order":"","neve_meta_disable_header":"","neve_meta_disable_footer":"","neve_meta_disable_title":"","_themeisle_gutenberg_block_has_review":false},"product_brand":[],"product_cat":[40],"product_tag":[],"class_list":{"0":"post-351","1":"product","2":"type-product","3":"status-publish","4":"has-post-thumbnail","6":"product_cat-arhiv-izdelkov","7":"pa_arhivirano-ni-na-voljo-ta-izdelek-je-bil-del-prejsnje-kolekcije-in-trenutno-ni-na-voljo","9":"first","10":"onbackorder","11":"taxable","12":"shipping-taxable","13":"product-type-simple"},"_links":{"self":[{"href":"https:\/\/vibesofnature.com\/sl\/wp-json\/wp\/v2\/product\/351","targetHints":{"allow":["GET"]}}],"collection":[{"href":"https:\/\/vibesofnature.com\/sl\/wp-json\/wp\/v2\/product"}],"about":[{"href":"https:\/\/vibesofnature.com\/sl\/wp-json\/wp\/v2\/types\/product"}],"wp:featuredmedia":[{"embeddable":true,"href":"https:\/\/vibesofnature.com\/sl\/wp-json\/wp\/v2\/media\/424"}],"wp:attachment":[{"href":"https:\/\/vibesofnature.com\/sl\/wp-json\/wp\/v2\/media?parent=351"}],"wp:term":[{"taxonomy":"product_brand","embeddable":true,"href":"https:\/\/vibesofnature.com\/sl\/wp-json\/wp\/v2\/product_brand?post=351"},{"taxonomy":"product_cat","embeddable":true,"href":"https:\/\/vibesofnature.com\/sl\/wp-json\/wp\/v2\/product_cat?post=351"},{"taxonomy":"product_tag","embeddable":true,"href":"https:\/\/vibesofnature.com\/sl\/wp-json\/wp\/v2\/product_tag?post=351"}],"curies":[{"name":"wp","href":"https:\/\/api.w.org\/{rel}","templated":true}]}}