{"id":578,"date":"2024-07-28T22:31:53","date_gmt":"2024-07-28T21:31:53","guid":{"rendered":"https:\/\/vibesofnature.cankar.si\/?page_id=578"},"modified":"2025-11-12T23:16:38","modified_gmt":"2025-11-12T22:16:38","slug":"arhiv","status":"publish","type":"page","link":"https:\/\/vibesofnature.com\/sl\/arhiv\/","title":{"rendered":"Arhiv"},"content":{"rendered":"\n<p class=\"has-text-align-center\">Moja pot se je za\u010dela \u017ee dolgooooo nazaj&#8230; <\/p>\n\n\n\n<p class=\"has-text-align-center\">Iz \u010diste ljubezni in veselja do ustvarjanja sem pletla in kva\u010dkala. Dru\u017eini in prijateljem  sem skozi vsa ta leta svoje unikatne kreacije podarjala za darila ( in \u0161e danes je tako:) ). S\u010dasoma se je povpra\u0161evanje pove\u010devalo, ideje de\u017eevale in ro\u010dno ustvarjeni unikatni kosi so postali pravi hit. Vedela sem, da sem na pravi poti in to je postala moja poslovna pot. <\/p>\n\n\n\n<p class=\"has-text-align-center\">Tukaj sem, pripravljena, da ZATE prepletem niti in ustvarim tvoj unikat!<\/p>\n\n\n\n<p>Pokukaj v galerijo izdelkov, morda najde\u0161 pravo idejo zase.<\/p>\n\n\n\n<p>(foto lasten arhiv)<\/p>\n\n\n\n<p><\/p>\n\n\n\n<div class=\"wp-block-columns is-layout-flex wp-container-core-columns-is-layout-9d6595d7 wp-block-columns-is-layout-flex\">\n<div class=\"wp-block-column is-layout-flow wp-block-column-is-layout-flow\" style=\"flex-basis:100%\">\n<div data-wp-context=\"{&quot;notices&quot;:[],&quot;hideNextPreviousButtons&quot;:false,&quot;isDisabledPrevious&quot;:true,&quot;isDisabledNext&quot;:false,&quot;ariaLabelPrevious&quot;:&quot;Previous products&quot;,&quot;ariaLabelNext&quot;:&quot;Next products&quot;}\" data-wp-init=\"callbacks.onRender\" data-wp-interactive=\"woocommerce\/product-collection\" data-wp-router-region=\"wc-product-collection-0\" data-__private-preview-state=\"{&quot;isPreview&quot;:false,&quot;previewMessage&quot;:&quot;Dejanski izdelki se razlikujejo glede na stran, ki si jo ogledujete.&quot;}\" data-block-name=\"woocommerce\/product-collection\" data-dimensions=\"{&quot;widthType&quot;:&quot;fill&quot;}\" data-display-layout=\"{&quot;type&quot;:&quot;flex&quot;,&quot;columns&quot;:5,&quot;shrinkColumns&quot;:true}\" data-query-context-includes=\"[&quot;collection&quot;]\" data-query-id=\"0\" data-query=\"{&quot;perPage&quot;:100,&quot;pages&quot;:0,&quot;offset&quot;:0,&quot;postType&quot;:&quot;product&quot;,&quot;order&quot;:&quot;asc&quot;,&quot;orderBy&quot;:&quot;title&quot;,&quot;search&quot;:&quot;&quot;,&quot;exclude&quot;:[],&quot;inherit&quot;:false,&quot;taxQuery&quot;:[],&quot;isProductCollectionBlock&quot;:true,&quot;featured&quot;:false,&quot;woocommerceOnSale&quot;:false,&quot;woocommerceStockStatus&quot;:[&quot;outofstock&quot;],&quot;woocommerceAttributes&quot;:[],&quot;woocommerceHandPickedProducts&quot;:[],&quot;filterable&quot;:false,&quot;relatedBy&quot;:{&quot;categories&quot;:true,&quot;tags&quot;:true}}\" data-tag-name=\"div\" class=\"wp-block-woocommerce-product-collection is-layout-flow wp-block-woocommerce-product-collection-is-layout-flow\">\t\t<div data-wp-interactive=\"woocommerce\/store-notices\" class=\"wc-block-components-notices alignwide\">\n\t\t\t<template data-wp-each--notice=\"state.notices\" data-wp-each-key=\"context.notice.id\">\n\t\t\t\t<div\n\t\t\t\t\tclass=\"wc-block-components-notice-banner\"\n\t\t\t\t\tdata-wp-init=\"callbacks.scrollIntoView\"\n\t\t\t\t\tdata-wp-class--is-error=\"state.isError\"\n\t\t\t\t\tdata-wp-class--is-success=\"state.isSuccess\"\n\t\t\t\t\tdata-wp-class--is-info=\"state.isInfo\"\n\t\t\t\t\tdata-wp-class--is-dismissible=\"context.notice.dismissible\"\n\t\t\t\t\tdata-wp-bind--role=\"state.role\"\n\t\t\t\t\tdata-wp-watch=\"callbacks.injectIcon\"\n\t\t\t\t>\n\t\t\t\t\t<div class=\"wc-block-components-notice-banner__content\">\n\t\t\t\t\t\t<span data-wp-init=\"callbacks.renderNoticeContent\" aria-live=\"assertive\" aria-atomic=\"true\"><\/span>\n\t\t\t\t\t<\/div>\n\t\t\t\t\t<button\n\t\t\t\t\t\tdata-wp-bind--hidden=\"!context.notice.dismissible\"\n\t\t\t\t\t\tclass=\"wc-block-components-button wp-element-button wc-block-components-notice-banner__dismiss contained\"\n\t\t\t\t\t\taria-label=\"Opusti to obvestilo\"\n\t\t\t\t\t\tdata-wp-on--click=\"actions.removeNotice\"\n\t\t\t\t\t>\n\t\t\t\t\t\t<svg xmlns=\"http:\/\/www.w3.org\/2000\/svg\" viewBox=\"0 0 24 24\">\n\t\t\t\t\t\t\t<path d=\"M13 11.8l6.1-6.3-1-1-6.1 6.2-6.1-6.2-1 1 6.1 6.3-6.5 6.7 1 1 6.5-6.6 6.5 6.6 1-1z\" \/>\n\t\t\t\t\t\t<\/svg>\n\t\t\t\t\t<\/button>\n\t\t\t\t<\/div>\n\t\t\t<\/template>\n\t\t<\/div>\n\t\t\n\n\n\n<div data-block-name=\"woocommerce\/product-collection-no-results\" class=\"wp-block-woocommerce-product-collection-no-results\"><div class=\"wp-block-group is-vertical is-content-justification-center is-layout-flex wp-container-core-group-is-layout-0472769e wp-block-group-is-layout-flex\">\n<p class=\"has-medium-font-size\"><strong>Ni najdenih rezultatov<\/strong><\/p>\n\n\n\n<p>Poskusite lahko <a class=\"wc-link-clear-any-filters\" href=\"https:\/\/vibesofnature.com\/sl\/wp-json\/wp\/v2\/pages\/578\">po\u010distiti filtre<\/a> ali obi\u0161\u010dite <a class=\"wc-link-stores-home\" href=\"https:\/\/vibesofnature.com\/sl\">doma\u010do stran trgovine<\/a><\/p>\n<\/div><\/div><\/div>\n<\/div>\n<\/div>\n\n\n\n<p><\/p>\n","protected":false},"excerpt":{"rendered":"<p>Moja pot se je za\u010dela \u017ee dolgooooo nazaj&#8230; Iz \u010diste ljubezni in veselja do ustvarjanja sem pletla in kva\u010dkala. Dru\u017eini in prijateljem sem skozi vsa ta leta svoje unikatne kreacije podarjala za darila ( in \u0161e danes je tako:) ). S\u010dasoma se je povpra\u0161evanje pove\u010devalo, ideje de\u017eevale in ro\u010dno ustvarjeni unikatni kosi so postali pravi&hellip;&nbsp;<a href=\"https:\/\/vibesofnature.com\/sl\/arhiv\/\" rel=\"bookmark\">Preberi ve\u010d &raquo;<span class=\"screen-reader-text\">Arhiv<\/span><\/a><\/p>","protected":false},"author":1,"featured_media":0,"parent":0,"menu_order":0,"comment_status":"closed","ping_status":"closed","template":"","meta":{"neve_meta_sidebar":"","neve_meta_container":"","neve_meta_enable_content_width":"","neve_meta_content_width":0,"neve_meta_title_alignment":"","neve_meta_author_avatar":"","neve_post_elements_order":"","neve_meta_disable_header":"","neve_meta_disable_footer":"","neve_meta_disable_title":"","_themeisle_gutenberg_block_has_review":false,"footnotes":""},"class_list":["post-578","page","type-page","status-publish","hentry"],"_links":{"self":[{"href":"https:\/\/vibesofnature.com\/sl\/wp-json\/wp\/v2\/pages\/578","targetHints":{"allow":["GET"]}}],"collection":[{"href":"https:\/\/vibesofnature.com\/sl\/wp-json\/wp\/v2\/pages"}],"about":[{"href":"https:\/\/vibesofnature.com\/sl\/wp-json\/wp\/v2\/types\/page"}],"author":[{"embeddable":true,"href":"https:\/\/vibesofnature.com\/sl\/wp-json\/wp\/v2\/users\/1"}],"replies":[{"embeddable":true,"href":"https:\/\/vibesofnature.com\/sl\/wp-json\/wp\/v2\/comments?post=578"}],"version-history":[{"count":15,"href":"https:\/\/vibesofnature.com\/sl\/wp-json\/wp\/v2\/pages\/578\/revisions"}],"predecessor-version":[{"id":872,"href":"https:\/\/vibesofnature.com\/sl\/wp-json\/wp\/v2\/pages\/578\/revisions\/872"}],"wp:attachment":[{"href":"https:\/\/vibesofnature.com\/sl\/wp-json\/wp\/v2\/media?parent=578"}],"curies":[{"name":"wp","href":"https:\/\/api.w.org\/{rel}","templated":true}]}}