{"id":281,"date":"2020-09-10T11:28:04","date_gmt":"2020-09-10T11:28:04","guid":{"rendered":"https:\/\/demosites.io\/shop-gb\/?page_id=281"},"modified":"2024-07-29T07:52:06","modified_gmt":"2024-07-29T06:52:06","slug":"o-nas","status":"publish","type":"page","link":"https:\/\/vibesofnature.com\/sl\/o-nas\/","title":{"rendered":"O MENI"},"content":{"rendered":"<div id=\"wp-block-themeisle-blocks-advanced-columns-382fd8da\" class=\"wp-block-themeisle-blocks-advanced-columns alignfull has-1-columns has-desktop-equal-layout has-tablet-equal-layout has-mobile-equal-layout has-vertical-unset\"><div class=\"wp-block-themeisle-blocks-advanced-columns-overlay\"><\/div><div class=\"innerblocks-wrap\">\n<div id=\"wp-block-themeisle-blocks-advanced-column-31e290bb\" class=\"wp-block-themeisle-blocks-advanced-column\">\n<h2 id=\"wp-block-themeisle-blocks-advanced-heading-3138538c\" class=\"wp-block-themeisle-blocks-advanced-heading wp-block-themeisle-blocks-advanced-heading-3138538c\">O MENI<\/h2>\n\n\n\n<p class=\"has-text-align-center\">Vibes of Nature je moj svet. Svet skrbno in natan\u010dno prepletenih niti, ki oblikujejo unikatne izdelke.<\/p>\n\n\n\n<p class=\"has-text-align-center\">In to sem jaz, Natalija. Po poklicu sem diplomirana in\u017eenirka gradbeni\u0161tva, po du\u0161i ustvarjalka. Sem tudi mama dvema nadobudnima fantkoma, \u017eena in podjetnica.<\/p>\n\n\n\n<p class=\"has-text-align-center\">Pri rosnih 7 letih mi je babica pokazala levo in desno zanko, za\u010detno vrsto kva\u010dkanja, nekaj vozlov makrameja in par osnovnih \u0161ivov. Z njenim \u00bbmentorstvom\u00ab, sem takoj za\u010dela s svojimi prvimi projekti. Ve\u010dinoma sva pletli, par let nazaj pa sem za\u010dela nadgrajevati svoje znanje kva\u010dkanja. Navdu\u0161enje me nikoli ni minilo. Tako imam za sabo \u017ee dobrih 30 let pletenja, kva\u010dkanja in seveda paranja.<\/p>\n\n\n\n<p class=\"has-text-align-center\">V tem \u010dasu sem si nabrala veliko izku\u0161enj in ustvarila ogromno izdelkov, ki jih \u017eelim deliti z Vami.<\/p>\n\n\n\n<p class=\"has-text-align-center\">Vljudno vabljeni v moj svet prepletenih niti!<\/p>\n\n\n\n<p class=\"has-text-align-center\">Z ljubeznijo,<br>Natalija<\/p>\n\n\n\n<div id=\"wp-block-themeisle-blocks-advanced-columns-4d200665\" class=\"wp-block-themeisle-blocks-advanced-columns has-3-columns has-desktop-equal-layout has-tablet-equal-layout has-mobile-collapsedRows-layout has-vertical-unset\"><div class=\"wp-block-themeisle-blocks-advanced-columns-overlay\"><\/div><div class=\"innerblocks-wrap\">\n<div id=\"wp-block-themeisle-blocks-advanced-column-f379a4a7\" class=\"wp-block-themeisle-blocks-advanced-column\">\n<figure class=\"wp-block-image size-large\"><img decoding=\"async\" width=\"682\" height=\"1024\" src=\"https:\/\/vibesofnature.com\/wp-content\/uploads\/2024\/07\/DSC_1170-1m-682x1024.jpg\" alt=\"\" class=\"wp-image-612\" srcset=\"https:\/\/vibesofnature.com\/wp-content\/uploads\/2024\/07\/DSC_1170-1m-682x1024.jpg 682w, https:\/\/vibesofnature.com\/wp-content\/uploads\/2024\/07\/DSC_1170-1m-200x300.jpg 200w, https:\/\/vibesofnature.com\/wp-content\/uploads\/2024\/07\/DSC_1170-1m-768x1152.jpg 768w, https:\/\/vibesofnature.com\/wp-content\/uploads\/2024\/07\/DSC_1170-1m-1024x1536.jpg 1024w, https:\/\/vibesofnature.com\/wp-content\/uploads\/2024\/07\/DSC_1170-1m-8x12.jpg 8w, https:\/\/vibesofnature.com\/wp-content\/uploads\/2024\/07\/DSC_1170-1m-600x900.jpg 600w, https:\/\/vibesofnature.com\/wp-content\/uploads\/2024\/07\/DSC_1170-1m.jpg 1133w\" sizes=\"(max-width: 682px) 100vw, 682px\" \/><\/figure>\n<\/div>\n\n\n\n<div id=\"wp-block-themeisle-blocks-advanced-column-b9682302\" class=\"wp-block-themeisle-blocks-advanced-column\"><div class=\"wp-block-image\">\n<figure class=\"aligncenter size-large\"><img decoding=\"async\" width=\"683\" height=\"1024\" src=\"https:\/\/vibesofnature.com\/wp-content\/uploads\/2024\/07\/DSC_4179-683x1024.jpg\" alt=\"\" class=\"wp-image-611\" srcset=\"https:\/\/vibesofnature.com\/wp-content\/uploads\/2024\/07\/DSC_4179-683x1024.jpg 683w, https:\/\/vibesofnature.com\/wp-content\/uploads\/2024\/07\/DSC_4179-200x300.jpg 200w, https:\/\/vibesofnature.com\/wp-content\/uploads\/2024\/07\/DSC_4179-768x1152.jpg 768w, https:\/\/vibesofnature.com\/wp-content\/uploads\/2024\/07\/DSC_4179-1024x1536.jpg 1024w, https:\/\/vibesofnature.com\/wp-content\/uploads\/2024\/07\/DSC_4179-8x12.jpg 8w, https:\/\/vibesofnature.com\/wp-content\/uploads\/2024\/07\/DSC_4179-600x900.jpg 600w, https:\/\/vibesofnature.com\/wp-content\/uploads\/2024\/07\/DSC_4179.jpg 1280w\" sizes=\"(max-width: 683px) 100vw, 683px\" \/><\/figure>\n<\/div>\n\n\n<div style=\"height:16px\" aria-hidden=\"true\" class=\"wp-block-spacer\"><\/div>\n\n\n\n<p id=\"wp-block-themeisle-blocks-advanced-heading-7562dd89\" class=\"wp-block-themeisle-blocks-advanced-heading wp-block-themeisle-blocks-advanced-heading-7562dd89\">NATALIJA \u0160OBA TERNIK<\/p>\n\n\n\n<p class=\"has-text-align-center\" style=\"font-size:11px\"><\/p>\n<\/div>\n\n\n\n<div id=\"wp-block-themeisle-blocks-advanced-column-f464e1a5\" class=\"wp-block-themeisle-blocks-advanced-column\">\n<figure class=\"wp-block-image size-large\"><img decoding=\"async\" width=\"683\" height=\"1024\" src=\"https:\/\/vibesofnature.com\/wp-content\/uploads\/2024\/07\/DSC_1994-1-683x1024.jpg\" alt=\"\" class=\"wp-image-614\" srcset=\"https:\/\/vibesofnature.com\/wp-content\/uploads\/2024\/07\/DSC_1994-1-683x1024.jpg 683w, https:\/\/vibesofnature.com\/wp-content\/uploads\/2024\/07\/DSC_1994-1-200x300.jpg 200w, https:\/\/vibesofnature.com\/wp-content\/uploads\/2024\/07\/DSC_1994-1-768x1152.jpg 768w, https:\/\/vibesofnature.com\/wp-content\/uploads\/2024\/07\/DSC_1994-1-8x12.jpg 8w, https:\/\/vibesofnature.com\/wp-content\/uploads\/2024\/07\/DSC_1994-1-600x900.jpg 600w, https:\/\/vibesofnature.com\/wp-content\/uploads\/2024\/07\/DSC_1994-1.jpg 1000w\" sizes=\"(max-width: 683px) 100vw, 683px\" \/><\/figure>\n<\/div>\n<\/div><\/div>\n<\/div>\n<\/div><\/div>","protected":false},"excerpt":{"rendered":"","protected":false},"author":1,"featured_media":0,"parent":0,"menu_order":0,"comment_status":"closed","ping_status":"closed","template":"","meta":{"neve_meta_sidebar":"full-width","neve_meta_container":"","neve_meta_enable_content_width":"on","neve_meta_content_width":100,"neve_meta_title_alignment":"","neve_meta_author_avatar":"","neve_post_elements_order":"","neve_meta_disable_header":"","neve_meta_disable_footer":"","neve_meta_disable_title":"on","_themeisle_gutenberg_block_has_review":false,"footnotes":""},"class_list":["post-281","page","type-page","status-publish","hentry"],"_links":{"self":[{"href":"https:\/\/vibesofnature.com\/sl\/wp-json\/wp\/v2\/pages\/281","targetHints":{"allow":["GET"]}}],"collection":[{"href":"https:\/\/vibesofnature.com\/sl\/wp-json\/wp\/v2\/pages"}],"about":[{"href":"https:\/\/vibesofnature.com\/sl\/wp-json\/wp\/v2\/types\/page"}],"author":[{"embeddable":true,"href":"https:\/\/vibesofnature.com\/sl\/wp-json\/wp\/v2\/users\/1"}],"replies":[{"embeddable":true,"href":"https:\/\/vibesofnature.com\/sl\/wp-json\/wp\/v2\/comments?post=281"}],"version-history":[{"count":7,"href":"https:\/\/vibesofnature.com\/sl\/wp-json\/wp\/v2\/pages\/281\/revisions"}],"predecessor-version":[{"id":621,"href":"https:\/\/vibesofnature.com\/sl\/wp-json\/wp\/v2\/pages\/281\/revisions\/621"}],"wp:attachment":[{"href":"https:\/\/vibesofnature.com\/sl\/wp-json\/wp\/v2\/media?parent=281"}],"curies":[{"name":"wp","href":"https:\/\/api.w.org\/{rel}","templated":true}]}}